{"id":941,"date":"2020-03-12T15:40:57","date_gmt":"2020-03-12T15:40:57","guid":{"rendered":"https:\/\/avadawebsites.wpengine.com\/videographer\/?page_id=941"},"modified":"2025-07-14T12:59:13","modified_gmt":"2025-07-14T10:59:13","slug":"about","status":"publish","type":"page","link":"https:\/\/wideoai.pl\/index.php\/about\/","title":{"rendered":"O mnie"},"content":{"rendered":"<p><div class=\"fusion-fullwidth fullwidth-box fusion-builder-row-1 fusion-flex-container nonhundred-percent-fullwidth non-hundred-percent-height-scrolling\" style=\"--awb-border-radius-top-left:0px;--awb-border-radius-top-right:0px;--awb-border-radius-bottom-right:0px;--awb-border-radius-bottom-left:0px;--awb-padding-top:0px;--awb-margin-bottom:8%;--awb-flex-wrap:wrap;\" ><div class=\"fusion-builder-row fusion-row fusion-flex-align-items-flex-start fusion-flex-content-wrap\" style=\"max-width:1404px;margin-left: calc(-4% \/ 2 );margin-right: calc(-4% \/ 2 );\"><div class=\"fusion-layout-column fusion_builder_column fusion-builder-column-0 fusion_builder_column_1_3 1_3 fusion-flex-column fusion-animated\" style=\"--awb-padding-left:0%;--awb-bg-size:cover;--awb-width-large:33.333333333333%;--awb-margin-top-large:0px;--awb-spacing-right-large:14.4%;--awb-margin-bottom-large:20px;--awb-spacing-left-large:5.76%;--awb-width-medium:100%;--awb-spacing-right-medium:1.92%;--awb-spacing-left-medium:1.92%;--awb-width-small:100%;--awb-order-small:0;--awb-spacing-right-small:1.92%;--awb-spacing-left-small:1.92%;\" data-animationType=\"fadeInUp\" data-animationDuration=\"1.0\" data-animationOffset=\"top-into-view\"><div class=\"fusion-column-wrapper fusion-column-has-shadow fusion-flex-justify-content-flex-start fusion-content-layout-column\"><div class=\"fusion-image-element \" style=\"--awb-liftup-border-radius:0px;--awb-caption-title-font-family:var(--h2_typography-font-family);--awb-caption-title-font-weight:var(--h2_typography-font-weight);--awb-caption-title-font-style:var(--h2_typography-font-style);--awb-caption-title-size:var(--h2_typography-font-size);--awb-caption-title-transform:var(--h2_typography-text-transform);--awb-caption-title-line-height:var(--h2_typography-line-height);--awb-caption-title-letter-spacing:var(--h2_typography-letter-spacing);\"><div class=\"awb-image-frame awb-image-frame-1 imageframe-liftup\"><span class=\" fusion-imageframe imageframe-none imageframe-1\"><a class=\"fusion-no-lightbox\" href=\"https:\/\/wideoai.pl\/projects\/crazyplay-new-music-video\/\" target=\"_self\" aria-label=\"_BEST (1)\"><img fetchpriority=\"high\" fetchpriority=\"high\" decoding=\"async\" width=\"1593\" height=\"1288\" src=\"https:\/\/wideoai.pl\/wp-content\/uploads\/2025\/06\/BEST-1.jpg\" data-orig-src=\"https:\/\/wideoai.pl\/wp-content\/uploads\/2025\/06\/BEST-1.jpg\" alt class=\"lazyload img-responsive wp-image-1888\" srcset=\"data:image\/svg+xml,%3Csvg%20xmlns%3D%27http%3A%2F%2Fwww.w3.org%2F2000%2Fsvg%27%20width%3D%271593%27%20height%3D%271288%27%20viewBox%3D%270%200%201593%201288%27%3E%3Crect%20width%3D%271593%27%20height%3D%271288%27%20fill-opacity%3D%220%22%2F%3E%3C%2Fsvg%3E\" data-srcset=\"https:\/\/wideoai.pl\/wp-content\/uploads\/2025\/06\/BEST-1-200x162.jpg 200w, https:\/\/wideoai.pl\/wp-content\/uploads\/2025\/06\/BEST-1-400x323.jpg 400w, https:\/\/wideoai.pl\/wp-content\/uploads\/2025\/06\/BEST-1-600x485.jpg 600w, https:\/\/wideoai.pl\/wp-content\/uploads\/2025\/06\/BEST-1-800x647.jpg 800w, https:\/\/wideoai.pl\/wp-content\/uploads\/2025\/06\/BEST-1-1200x970.jpg 1200w, https:\/\/wideoai.pl\/wp-content\/uploads\/2025\/06\/BEST-1.jpg 1593w\" data-sizes=\"auto\" data-orig-sizes=\"(max-width: 900px) 100vw, (max-width: 640px) 100vw, 400px\" \/><\/a><\/span><\/div><\/div><div class=\"fusion-separator fusion-no-medium-visibility fusion-no-large-visibility fusion-full-width-sep\" style=\"align-self: center;margin-left: auto;margin-right: auto;margin-bottom:4%;width:100%;\"><\/div><div class=\"fusion-title title fusion-title-1 fusion-sep-none fusion-title-text fusion-title-size-four\" style=\"--awb-margin-top:8%;--awb-margin-top-medium:40px;--awb-font-size:22px;\"><h4 class=\"fusion-title-heading title-heading-left fusion-responsive-typography-calculated\" style=\"margin:0;font-size:1em;--fontSize:22;line-height:var(--awb-typography1-line-height);\">Tworz\u0119 wizualne historie dzi\u0119ki sztucznej inteligencji<\/h4><\/div><div class=\"fusion-text fusion-text-1\"><p>Pomagam markom m\u00f3wi\u0107 j\u0119zykiem przysz\u0142o\u015bci \u2013 szybko, kreatywnie i bez kompromis\u00f3w.<\/p>\n<p>Zamiast pod\u0105\u017ca\u0107 utartymi szlakami, wykorzystuj\u0119 moc generatywnej AI, by tworzy\u0107 tre\u015bci, kt\u00f3re przyci\u0105gaj\u0105 uwag\u0119 i budz\u0105 emocje. To \u015bwie\u017ce podej\u015bcie do storytellingu \u2013 \u0142\u0105cz\u0105ce nowoczesne technologie z wra\u017cliwo\u015bci\u0105 tw\u00f3rcy. Dzi\u0119ki temu marki mog\u0105 komunikowa\u0107 si\u0119 autentycznie, wizualnie i na czasie.<\/p>\n<\/div><div class=\"fusion-separator fusion-no-large-visibility fusion-full-width-sep\" style=\"align-self: center;margin-left: auto;margin-right: auto;margin-bottom:7%;width:100%;\"><\/div><\/div><\/div><div class=\"fusion-layout-column fusion_builder_column fusion-builder-column-1 fusion_builder_column_2_3 2_3 fusion-flex-column fusion-animated\" style=\"--awb-bg-size:cover;--awb-width-large:66.666666666667%;--awb-margin-top-large:157px;--awb-spacing-right-large:2.88%;--awb-margin-bottom-large:20px;--awb-spacing-left-large:14.4%;--awb-width-medium:100%;--awb-spacing-right-medium:1.92%;--awb-spacing-left-medium:5.76%;--awb-width-small:100%;--awb-spacing-right-small:1.92%;--awb-margin-bottom-small:30px;--awb-spacing-left-small:1.92%;\" data-animationType=\"fadeInRight\" data-animationDuration=\"1.0\" data-animationOffset=\"top-into-view\"><div class=\"fusion-column-wrapper fusion-column-has-shadow fusion-flex-justify-content-flex-start fusion-content-layout-column\"><div class=\"fusion-title title fusion-title-2 fusion-sep-none fusion-title-text fusion-title-size-two\" style=\"--awb-text-color:var(--awb-color5);--awb-margin-bottom:1em;--awb-font-size:23px;\"><h2 class=\"fusion-title-heading title-heading-left fusion-responsive-typography-calculated\" style=\"margin:0;font-size:1em;--fontSize:23;line-height:var(--awb-typography1-line-height);\">Inwestuj\u0119 w najnowsze narz\u0119dzia generatywne AI<\/h2><\/div><div class=\"fusion-title title fusion-title-3 fusion-sep-none fusion-title-text fusion-title-size-two\" style=\"--awb-font-size:40px;\"><h2 class=\"fusion-title-heading title-heading-left fusion-responsive-typography-calculated\" style=\"margin:0;font-size:1em;--fontSize:40;line-height:1.35;\">\u0141\u0105cz\u0119 do\u015bwiadczenie re\u017cysera i monta\u017cysty z najnowszymi narz\u0119dziami AI. Zamiast kosztownych sesji i plan\u00f3w zdj\u0119ciowych \u2013 generuj\u0119 wizualne tre\u015bci, kt\u00f3re wygl\u0105daj\u0105 jak prawdziwe.<\/h2><\/div><\/div><\/div><\/div><\/div><div class=\"fusion-fullwidth fullwidth-box fusion-builder-row-2 fusion-flex-container fusion-parallax-none nonhundred-percent-fullwidth non-hundred-percent-height-scrolling lazyload\" style=\"--awb-border-radius-top-left:0px;--awb-border-radius-top-right:0px;--awb-border-radius-bottom-right:0px;--awb-border-radius-bottom-left:0px;--awb-padding-top:7%;--awb-padding-bottom:8%;--awb-margin-bottom:5%;--awb-background-image:linear-gradient(180deg, hsla(var(--awb-color8-h),var(--awb-color8-s),var(--awb-color8-l),calc( var(--awb-color8-a) - 25% )) 0%,hsla(var(--awb-color8-h),var(--awb-color8-s),var(--awb-color8-l),calc( var(--awb-color8-a) - 25% )) 80%);;--awb-background-size:cover;--awb-flex-wrap:wrap;\" data-bg=\"https:\/\/wideoai.pl\/wp-content\/uploads\/2025\/06\/ChatGPT-Image-14-cze-2025-22_31_08.png\" data-bg-gradient=\"linear-gradient(180deg, hsla(var(--awb-color8-h),var(--awb-color8-s),var(--awb-color8-l),calc( var(--awb-color8-a) - 25% )) 0%,hsla(var(--awb-color8-h),var(--awb-color8-s),var(--awb-color8-l),calc( var(--awb-color8-a) - 25% )) 80%)\" ><div class=\"fusion-builder-row fusion-row fusion-flex-align-items-flex-start fusion-flex-justify-content-center fusion-flex-content-wrap\" style=\"max-width:calc( 1350px + 0px );margin-left: calc(-0px \/ 2 );margin-right: calc(-0px \/ 2 );\"><div class=\"fusion-layout-column fusion_builder_column fusion-builder-column-2 fusion_builder_column_2_3 2_3 fusion-flex-column fusion-animated\" style=\"--awb-bg-size:cover;--awb-width-large:66.666666666667%;--awb-margin-top-large:0px;--awb-spacing-right-large:calc( 0 * calc( 100% - 0px ) );--awb-margin-bottom-large:0px;--awb-spacing-left-large:calc( 0 * calc( 100% - 0px ) );--awb-width-medium:80%;--awb-spacing-right-medium:calc( 0 * calc( 100% - 0px ) );--awb-spacing-left-medium:calc( 0 * calc( 100% - 0px ) );--awb-width-small:100%;--awb-spacing-right-small:0px;--awb-spacing-left-small:0px;\" data-animationType=\"fadeInUp\" data-animationDuration=\"1.0\" data-animationOffset=\"top-into-view\"><div class=\"fusion-column-wrapper fusion-column-has-shadow fusion-flex-justify-content-flex-start fusion-content-layout-column\"><div class=\"fusion-title title fusion-title-4 fusion-sep-none fusion-title-center fusion-title-text fusion-title-size-two\" style=\"--awb-text-color:var(--awb-color5);--awb-margin-bottom:1em;--awb-font-size:23px;\"><h2 class=\"fusion-title-heading title-heading-center fusion-responsive-typography-calculated\" style=\"margin:0;font-size:1em;--fontSize:23;line-height:var(--awb-typography1-line-height);\">Ekspert od AI, kt\u00f3ry testowa\u0142 wszystko za Ciebie<\/h2><\/div><div class=\"fusion-title title fusion-title-5 fusion-sep-none fusion-title-center fusion-title-text fusion-title-size-three\" style=\"--awb-margin-bottom:.7em;--awb-font-size:60px;\"><h3 class=\"fusion-title-heading title-heading-center fusion-responsive-typography-calculated\" style=\"margin:0;font-size:1em;--fontSize:60;line-height:var(--awb-typography1-line-height);\">Zainwestowa\u0142em setki godzin w badanie i testowanie generatywnej sztucznej inteligencji. Dzi\u0119ki temu mo\u017cesz przyj\u015b\u0107 z pomys\u0142em \u2013 a ja zamieni\u0119 go w gotowy materia\u0142.<\/h3><\/div><div class=\"fusion-separator fusion-no-large-visibility fusion-full-width-sep\" style=\"align-self: center;margin-left: auto;margin-right: auto;margin-bottom:3%;width:100%;\"><\/div><div style=\"text-align:center;\"><a class=\"fusion-button button-flat fusion-button-default-size button-default fusion-button-default button-1 fusion-button-default-span fusion-button-default-type\" target=\"_self\" href=\"https:\/\/1.envato.market\/YzyoP\"><span class=\"fusion-button-text awb-button__text awb-button__text--default\">Porozmawiajmy o Twoim projekcie<\/span><\/a><\/div><\/div><\/div><\/div><\/div><\/p>\n","protected":false},"excerpt":{"rendered":"","protected":false},"author":1,"featured_media":1904,"parent":0,"menu_order":0,"comment_status":"closed","ping_status":"closed","template":"100-width.php","meta":{"footnotes":""},"class_list":["post-941","page","type-page","status-publish","has-post-thumbnail","hentry"],"_links":{"self":[{"href":"https:\/\/wideoai.pl\/index.php\/wp-json\/wp\/v2\/pages\/941","targetHints":{"allow":["GET"]}}],"collection":[{"href":"https:\/\/wideoai.pl\/index.php\/wp-json\/wp\/v2\/pages"}],"about":[{"href":"https:\/\/wideoai.pl\/index.php\/wp-json\/wp\/v2\/types\/page"}],"author":[{"embeddable":true,"href":"https:\/\/wideoai.pl\/index.php\/wp-json\/wp\/v2\/users\/1"}],"replies":[{"embeddable":true,"href":"https:\/\/wideoai.pl\/index.php\/wp-json\/wp\/v2\/comments?post=941"}],"version-history":[{"count":14,"href":"https:\/\/wideoai.pl\/index.php\/wp-json\/wp\/v2\/pages\/941\/revisions"}],"predecessor-version":[{"id":2092,"href":"https:\/\/wideoai.pl\/index.php\/wp-json\/wp\/v2\/pages\/941\/revisions\/2092"}],"wp:featuredmedia":[{"embeddable":true,"href":"https:\/\/wideoai.pl\/index.php\/wp-json\/wp\/v2\/media\/1904"}],"wp:attachment":[{"href":"https:\/\/wideoai.pl\/index.php\/wp-json\/wp\/v2\/media?parent=941"}],"curies":[{"name":"wp","href":"https:\/\/api.w.org\/{rel}","templated":true}]}}